{"id":77,"date":"2023-09-09T11:24:20","date_gmt":"2023-09-09T11:24:20","guid":{"rendered":"https:\/\/zhilla.nl\/?page_id=77"},"modified":"2023-09-09T11:40:54","modified_gmt":"2023-09-09T11:40:54","slug":"raindrop-technique-massage","status":"publish","type":"page","link":"https:\/\/zhilla.nl\/?page_id=77","title":{"rendered":"Raindrop Technique massage"},"content":{"rendered":"\n<p>Bij de Raindrop Technique, ontwikkeld door de oprichter van Young Living Essential Oils, wordt gebruikt gemaakt van 9 verschillende essenti\u00eble oli\u00ebn tijdens een rugmassage.<\/p>\n\n\n\n<p>Deze massage is gericht op het bevorderen van fysiek, mentaal en emotioneel welzijn.<\/p>\n\n\n\n<p>De olietjes die ik hiervoor gebruik zijn essenti\u00eble oli\u00ebn van Young Living en deze worden vanwege hun potenti\u00eble antiseptische, ontstekingsremmende en ontspannende eigenschappen.<\/p>\n\n\n\n<p>Tijdens de behandeling worden de oli\u00ebn als regendruppels zachtjes op de rug en de voeten aangebracht en via zachte massage technieken verder in de huid verspreid om diepe ontspanning te bevorderen.<\/p>\n\n\n\n<p>Iedere behandeling kan verschillen, afhankelijk van de oli\u00ebn die gebruikt worden.<\/p>\n\n\n\n<p>Sommigen ervaren diepe ontspanning en anderen ervaren een gevoel van vernieuwde energie en vitaliteit.<\/p>\n\n\n\n<div class=\"wp-block-buttons is-layout-flex wp-block-buttons-is-layout-flex\">\n<div class=\"wp-block-button\"><a class=\"wp-block-button__link wp-element-button\" href=\"https:\/\/zhilla.nl\/?page_id=15\">Terug naar Behandelingen<\/a><\/div>\n<\/div>\n","protected":false},"excerpt":{"rendered":"<p>Bij de Raindrop Technique, ontwikkeld door de oprichter van Young Living Essential Oils, wordt gebruikt gemaakt van 9 verschillende essenti\u00eble oli\u00ebn tijdens een rugmassage. Deze massage is gericht op het bevorderen van fysiek, mentaal en emotioneel welzijn. De olietjes die ik hiervoor gebruik zijn essenti\u00eble oli\u00ebn van Young Living en deze worden vanwege hun potenti\u00eble&hellip; <a class=\"more-link\" href=\"https:\/\/zhilla.nl\/?page_id=77\">Lees verder <span class=\"screen-reader-text\">Raindrop Technique massage<\/span><\/a><\/p>\n","protected":false},"author":1,"featured_media":0,"parent":0,"menu_order":0,"comment_status":"closed","ping_status":"closed","template":"","meta":{"footnotes":""},"class_list":["post-77","page","type-page","status-publish","hentry","entry"],"jetpack_sharing_enabled":true,"_links":{"self":[{"href":"https:\/\/zhilla.nl\/index.php?rest_route=\/wp\/v2\/pages\/77","targetHints":{"allow":["GET"]}}],"collection":[{"href":"https:\/\/zhilla.nl\/index.php?rest_route=\/wp\/v2\/pages"}],"about":[{"href":"https:\/\/zhilla.nl\/index.php?rest_route=\/wp\/v2\/types\/page"}],"author":[{"embeddable":true,"href":"https:\/\/zhilla.nl\/index.php?rest_route=\/wp\/v2\/users\/1"}],"replies":[{"embeddable":true,"href":"https:\/\/zhilla.nl\/index.php?rest_route=%2Fwp%2Fv2%2Fcomments&post=77"}],"version-history":[{"count":4,"href":"https:\/\/zhilla.nl\/index.php?rest_route=\/wp\/v2\/pages\/77\/revisions"}],"predecessor-version":[{"id":98,"href":"https:\/\/zhilla.nl\/index.php?rest_route=\/wp\/v2\/pages\/77\/revisions\/98"}],"wp:attachment":[{"href":"https:\/\/zhilla.nl\/index.php?rest_route=%2Fwp%2Fv2%2Fmedia&parent=77"}],"curies":[{"name":"wp","href":"https:\/\/api.w.org\/{rel}","templated":true}]}}