{"id":15,"date":"2023-08-31T13:08:08","date_gmt":"2023-08-31T13:08:08","guid":{"rendered":"https:\/\/zhilla.nl\/?page_id=15"},"modified":"2023-09-09T11:32:34","modified_gmt":"2023-09-09T11:32:34","slug":"behandelingen","status":"publish","type":"page","link":"https:\/\/zhilla.nl\/?page_id=15","title":{"rendered":"Behandelingen"},"content":{"rendered":"\n<div class=\"wp-block-columns is-layout-flex wp-container-core-columns-is-layout-9d6595d7 wp-block-columns-is-layout-flex\">\n<div class=\"wp-block-column is-layout-flow wp-block-column-is-layout-flow\">\n<p><strong><a href=\"https:\/\/zhilla.nl\/?page_id=74\">VoetreflexPlus massage<\/a><\/strong><\/p>\n\n\n\n<p>De voeten weerspiegelen het hele lichaam. Zones op de voet corresponderen met organen en systemen in het lichaam.<\/p>\n\n\n\n<p>Door voetreflexzones op de voet te masseren, masseer je het bijbehoren orgaan, zenuwen of weefsels. Door massage van deze punten, kan voetreflex therapie helpen de natuurlijke balans en energie van het lichaam te herstellen. De \u00b4plus\u00b4 in voetreflexPlus verwijst naar de Chinese geneeskunde, die aangeeft dat de levensenergie stroomt door ons lichaam via meridianen. Door deze energiestroom te harmoniseren en eventuele blokkades op te heffen, kan het zelfherstellende vermogen van het lichaam worden gestimuleerd.<\/p>\n\n\n\n<p>Een voetreflexmassage is voor vele klachten in te zetten. Naast dat het ontspanning geeft is het toe te passen bij o.a. hormonale klachten, migraine, spijsverteringsklachten, ademhalingsklachten, stress gerelateerde klachten, slaapproblemen, etc.<\/p>\n\n\n\n<p>Tijdens de behandeling kun je het volgende ondervinden<\/p>\n\n\n\n<ul class=\"wp-block-list\">\n<li>meer dan normaal transpireren,<\/li>\n\n\n\n<li>het koud of juist warm krijgen<\/li>\n\n\n\n<li>prikkelingen<\/li>\n\n\n\n<li>geeuwen\/ slaperigheid<\/li>\n\n\n\n<li>huilen<\/li>\n\n\n\n<li>opkomende emoties, etc.<\/li>\n<\/ul>\n\n\n\n<p>Vlak na de behandeling kun je onderstaande voelen<\/p>\n\n\n\n<ul class=\"wp-block-list\">\n<li>duizeligheid<\/li>\n\n\n\n<li>gevoel van zweven<\/li>\n\n\n\n<li>op wolkjes lopen<\/li>\n\n\n\n<li>blijheid en ruimte voelen<\/li>\n\n\n\n<li>een energiek gevoel<\/li>\n\n\n\n<li>loomheid<\/li>\n<\/ul>\n\n\n\n<p>Dagen na de behandeling&nbsp;(soms ook enkele uren erna) zou je het onderstaande kunnen opmerken<\/p>\n\n\n\n<ul class=\"wp-block-list\">\n<li>de urine is donkerder (afvalstoffen zijn losgekomen en verlaten het lichaam)<\/li>\n\n\n\n<li>(oude) kwalen komen (even) terug om daarna te verdwijnen<\/li>\n\n\n\n<li>meer afscheiding (ontlasting, transpiratie, witte vloed, oorsmeer e.d.)<\/li>\n\n\n\n<li>veranderde gevoelens op allerlei gebied.<\/li>\n<\/ul>\n\n\n\n<p><strong><a href=\"https:\/\/zhilla.nl\/?page_id=75\">Acupunctuur<\/a><\/strong><\/p>\n\n\n\n<p>Acupunctuur wordt gebruikt voor veel verschillende aandoeningen, maar ook als een holistische benadering om de algehele gezondheid te verbeteren.<\/p>\n\n\n\n<p>Acupunctuur kan de balans herstellen van het lichaam door blokkades op te heffen en de energiestroom te harmoniseren, waardoor het zelfherstellende vermogen van het lichaam wordt gestimuleerd.<\/p>\n\n\n\n<p>Tijdens een behandeling worden er hele dunne, steriele naaldjes op acupunctuur punten gezet. Deze punten bevinden zich op de zogenoemde meridiaan banen, de zogenaamde energiekanalen waarlangs het Qi (levensenergie) stroomt. Met deze naaldjes worden de energiestroom in het lichaam be\u00efnvloedt. Dit kan een licht tintelend gevoel geven of een gevoel van warmte veroorzaken.<\/p>\n\n\n\n<p>Acupunctuur kan ingezet worden voor verschillende klachten, zoals vermoeidheid, slapeloosheid, pijnklachten, stressklachten, menstruatieklachten, overgangsklachten, hoofdpijn, emotionele klachten, maag en darmklachten, burn-out, etc.<\/p>\n\n\n\n<p><strong><a href=\"https:\/\/zhilla.nl\/?page_id=76\">Chakra rugmassage<\/a><\/strong><\/p>\n\n\n\n<p>Chakra\u2019s zijn energiewielen die in verbinding staan met het fysieke- en energetische lichaam. Elk chakra correspondeert met een ander deel van het fysieke lichaam, vandaar dat een onevenwichtigheid in \u00e9\u00e9n van de chakra\u2019s kan leiden tot lichamelijke klachten en een zware fysieke belasting kan leiden tot een disbalans in de chakra\u2019s.<\/p>\n\n\n\n<p>Tijdens de chakra rugmassage wordt met de 7 chakra\u2019s die zich op het lichaam bevinden gewerkt door middel van massage op het lichaam en in de aura.<\/p>\n\n\n\n<p>Op deze manier kan de energie van een chakra geactiveerd worden. De chakra\u2019s worden ook met elkaar verbonden. Zo kan de energiestroom tussen de chakra\u2019s hersteld worden of geoptimaliseerd, waardoor klachten kunnen verminderen of verdwijnen.<\/p>\n\n\n\n<p><strong><a href=\"https:\/\/zhilla.nl\/?page_id=77\">Raindrop Technique massage<\/a><\/strong><\/p>\n<\/div>\n<\/div>\n\n\n\n<p>Bij de Raindrop Technique, ontwikkeld door de oprichter van Young Living Essential Oils, wordt gebruikt gemaakt van 9 verschillende essenti\u00eble oli\u00ebn tijdens een rugmassage.<\/p>\n\n\n\n<p>Deze massage is gericht op het bevorderen van fysiek, mentaal en emotioneel welzijn.<\/p>\n\n\n\n<p>De olietjes die ik hiervoor gebruik zijn essenti\u00eble oli\u00ebn van Young Living en deze worden vanwege hun potenti\u00eble antiseptische, ontstekingsremmende en ontspannende eigenschappen.<\/p>\n\n\n\n<p>Tijdens de behandeling worden de oli\u00ebn als regendruppels zachtjes op de rug en de voeten aangebracht en via zachte massage technieken verder in de huid verspreid om diepe ontspanning te bevorderen.<\/p>\n\n\n\n<p>Iedere behandeling kan verschillen, afhankelijk van de oli\u00ebn die gebruikt worden.<\/p>\n\n\n\n<p>Sommigen ervaren diepe ontspanning en anderen ervaren een gevoel van vernieuwde energie en vitaliteit.<\/p>\n","protected":false},"excerpt":{"rendered":"<p>VoetreflexPlus massage De voeten weerspiegelen het hele lichaam. Zones op de voet corresponderen met organen en systemen in het lichaam. Door voetreflexzones op de voet te masseren, masseer je het bijbehoren orgaan, zenuwen of weefsels. Door massage van deze punten, kan voetreflex therapie helpen de natuurlijke balans en energie van het lichaam te herstellen. De&hellip; <a class=\"more-link\" href=\"https:\/\/zhilla.nl\/?page_id=15\">Lees verder <span class=\"screen-reader-text\">Behandelingen<\/span><\/a><\/p>\n","protected":false},"author":1,"featured_media":0,"parent":0,"menu_order":0,"comment_status":"closed","ping_status":"closed","template":"","meta":{"footnotes":""},"class_list":["post-15","page","type-page","status-publish","hentry","entry"],"jetpack_sharing_enabled":true,"_links":{"self":[{"href":"https:\/\/zhilla.nl\/index.php?rest_route=\/wp\/v2\/pages\/15","targetHints":{"allow":["GET"]}}],"collection":[{"href":"https:\/\/zhilla.nl\/index.php?rest_route=\/wp\/v2\/pages"}],"about":[{"href":"https:\/\/zhilla.nl\/index.php?rest_route=\/wp\/v2\/types\/page"}],"author":[{"embeddable":true,"href":"https:\/\/zhilla.nl\/index.php?rest_route=\/wp\/v2\/users\/1"}],"replies":[{"embeddable":true,"href":"https:\/\/zhilla.nl\/index.php?rest_route=%2Fwp%2Fv2%2Fcomments&post=15"}],"version-history":[{"count":4,"href":"https:\/\/zhilla.nl\/index.php?rest_route=\/wp\/v2\/pages\/15\/revisions"}],"predecessor-version":[{"id":90,"href":"https:\/\/zhilla.nl\/index.php?rest_route=\/wp\/v2\/pages\/15\/revisions\/90"}],"wp:attachment":[{"href":"https:\/\/zhilla.nl\/index.php?rest_route=%2Fwp%2Fv2%2Fmedia&parent=15"}],"curies":[{"name":"wp","href":"https:\/\/api.w.org\/{rel}","templated":true}]}}